{"id":13107,"date":"2024-06-18T15:56:20","date_gmt":"2024-06-18T15:56:20","guid":{"rendered":"https:\/\/beautydistrict.ro\/?page_id=13107"},"modified":"2024-06-18T16:30:33","modified_gmt":"2024-06-18T16:30:33","slug":"sorin-stratulat","status":"publish","type":"page","link":"https:\/\/beautydistrict.ro\/en\/sorin-stratulat\/","title":{"rendered":"Sorin Stratulat"},"content":{"rendered":"<div data-elementor-type=\"wp-page\" data-elementor-id=\"13107\" class=\"elementor elementor-13107\">\n\t\t\t\t<div class=\"elementor-element elementor-element-fcd71af e-flex e-con-boxed e-con e-parent\" data-id=\"fcd71af\" data-element_type=\"container\" data-e-type=\"container\">\n\t\t\t\t\t<div class=\"e-con-inner\">\n\t\t<div class=\"elementor-element elementor-element-8db57d7 e-con-full e-flex e-con e-child\" data-id=\"8db57d7\" data-element_type=\"container\" data-e-type=\"container\">\n\t\t\t\t<div class=\"elementor-element elementor-element-d8cfe7a elementor-widget__width-initial elementor-widget-tablet__width-inherit elementor-widget elementor-widget-passim_core_section_title\" data-id=\"d8cfe7a\" data-element_type=\"widget\" data-e-type=\"widget\" data-widget_type=\"passim_core_section_title.default\">\n\t\t\t\t<div class=\"elementor-widget-container\">\n\t\t\t\t\t<div class=\"qodef-shortcode qodef-m  qodef-section-title qodef-alignment--left\">\n\t\t<h1 class=\"qodef-m-title\" >\n\t\t\t\t\tSorin Stratulat\t\t\t<\/h1>\n\t\t\t<p class=\"qodef-m-text\" style=\"margin-top: 20px\">\u00cen centrul pove\u0219tii lui Sorin se afl\u0103 o dedica\u021bie pentru dep\u0103\u0219irea limitelor \u0219i redefinirea standardelor. Premiile sale, inclusiv multiplele victorii la prestigiosul Elle Style Awards, sunt o m\u0103rturie a abilit\u0103\u021bilor sale excep\u021bionale \u0219i a abord\u0103rii sale inovatoare \u00een stilizarea p\u0103rului. Fiecare premiu nu este doar o recunoa\u0219tere a talentului lui Sorin, ci \u0219i o celebrare a urm\u0103ririi sale neobosite a excelen\u021bei.\n<\/p>\n<\/div>\n\t\t\t\t<\/div>\n\t\t\t\t<\/div>\n\t\t\t\t<div class=\"elementor-element elementor-element-5e7a6c2 elementor-widget elementor-widget-passim_core_button\" data-id=\"5e7a6c2\" data-element_type=\"widget\" data-e-type=\"widget\" data-widget_type=\"passim_core_button.default\">\n\t\t\t\t<div class=\"elementor-widget-container\">\n\t\t\t\t\t<a class=\"qodef-shortcode qodef-m  qodef-button qodef-layout--outlined  qodef-html--link\" href=\"\/en\/contact\/\" target=\"_self\" data-hover-color=\"#FFFFFF\" data-hover-background-color=\"#000000\" data-hover-border-color=\"#000000\" style=\"border-color: #000000\">\n\t<span class=\"qodef-m-text\">Appointments<\/span>\n<\/a>\n\t\t\t\t<\/div>\n\t\t\t\t<\/div>\n\t\t\t\t<\/div>\n\t\t<div class=\"elementor-element elementor-element-ee266ee e-con-full e-flex e-con e-child\" data-id=\"ee266ee\" data-element_type=\"container\" data-e-type=\"container\">\n\t\t\t\t<div class=\"elementor-element elementor-element-66f4c89 elementor-widget elementor-widget-image\" data-id=\"66f4c89\" data-element_type=\"widget\" data-e-type=\"widget\" data-widget_type=\"image.default\">\n\t\t\t\t<div class=\"elementor-widget-container\">\n\t\t\t\t\t\t\t\t\t\t\t\t\t\t\t<img fetchpriority=\"high\" decoding=\"async\" width=\"376\" height=\"544\" src=\"https:\/\/beautydistrict.ro\/wp-content\/uploads\/2024\/05\/Sorin-Stratulat.jpg\" class=\"attachment-large size-large wp-image-12781\" alt=\"Sorin Stratulat\" srcset=\"https:\/\/beautydistrict.ro\/wp-content\/uploads\/2024\/05\/Sorin-Stratulat.jpg 376w, https:\/\/beautydistrict.ro\/wp-content\/uploads\/2024\/05\/Sorin-Stratulat-207x300.jpg 207w\" sizes=\"(max-width: 376px) 100vw, 376px\" \/>\t\t\t\t\t\t\t\t\t\t\t\t\t\t\t<\/div>\n\t\t\t\t<\/div>\n\t\t\t\t<\/div>\n\t\t\t\t\t<\/div>\n\t\t\t\t<\/div>\n\t\t\t\t<section class=\"elementor-section elementor-top-section elementor-element elementor-element-777975f elementor-section-full_width elementor-section-height-default elementor-section-height-default qodef-elementor-content-no\" data-id=\"777975f\" data-element_type=\"section\" data-e-type=\"section\" data-settings=\"{&quot;background_background&quot;:&quot;classic&quot;}\">\n\t\t\t\t\t\t<div class=\"elementor-container elementor-column-gap-default\">\n\t\t\t\t\t<div class=\"elementor-column elementor-col-100 elementor-top-column elementor-element elementor-element-679cf87\" data-id=\"679cf87\" data-element_type=\"column\" data-e-type=\"column\">\n\t\t\t<div class=\"elementor-widget-wrap elementor-element-populated\">\n\t\t\t\t\t\t<div class=\"elementor-element elementor-element-f70e47c elementor-widget__width-initial elementor-widget-tablet__width-inherit elementor-widget-mobile__width-inherit elementor-widget elementor-widget-passim_core_section_title\" data-id=\"f70e47c\" data-element_type=\"widget\" data-e-type=\"widget\" data-widget_type=\"passim_core_section_title.default\">\n\t\t\t\t<div class=\"elementor-widget-container\">\n\t\t\t\t\t<div class=\"qodef-shortcode qodef-m  qodef-section-title qodef-alignment--left qodef-title-break--disabled\">\n\t\t<h4 class=\"qodef-m-title\" >\n\t\t\t\t\tSorin transcende obi\u0219nuitul...\t\t\t<\/h4>\n\t\t<\/div>\n\t\t\t\t<\/div>\n\t\t\t\t<\/div>\n\t\t<div class=\"elementor-element elementor-element-95bde9f e-grid e-con-boxed e-con e-parent\" data-id=\"95bde9f\" data-element_type=\"container\" data-e-type=\"container\">\n\t\t\t\t\t<div class=\"e-con-inner\">\n\t\t<div class=\"elementor-element elementor-element-1005760 e-flex e-con-boxed e-con e-child\" data-id=\"1005760\" data-element_type=\"container\" data-e-type=\"container\">\n\t\t\t\t\t<div class=\"e-con-inner\">\n\t\t\t\t<div class=\"elementor-element elementor-element-488a10f elementor-widget__width-initial elementor-widget-tablet__width-inherit elementor-widget elementor-widget-passim_core_section_title\" data-id=\"488a10f\" data-element_type=\"widget\" data-e-type=\"widget\" data-widget_type=\"passim_core_section_title.default\">\n\t\t\t\t<div class=\"elementor-widget-container\">\n\t\t\t\t\t<div class=\"qodef-shortcode qodef-m  qodef-section-title qodef-alignment--left\">\n\t\t\t\t<p class=\"qodef-m-text\" style=\"margin-top: 0px\">Cu toate acestea, impactul lui Sorin se extinde dincolo de limitele recunoa\u0219terii tradi\u021bionale. Ca Beauty Pro Influencer, el utilizeaz\u0103 puterea platformelor digitale pentru a inspira \u0219i educa un public global. Prin con\u021binut captivant \u0219i ghidare perspicace, Sorin \u00eemp\u0103rt\u0103\u0219e\u0219te bog\u0103\u021bia sa de cuno\u0219tin\u021be \u0219i expertiz\u0103, \u00eemputernicind stili\u0219ti aspiran\u021bi \u0219i entuzia\u0219ti ai frumuse\u021bii s\u0103 \u00ee\u0219i ating\u0103 poten\u021bialul maxim.\n<\/p>\n<\/div>\n\t\t\t\t<\/div>\n\t\t\t\t<\/div>\n\t\t\t\t\t<\/div>\n\t\t\t\t<\/div>\n\t\t<div class=\"elementor-element elementor-element-1f35b27 e-flex e-con-boxed e-con e-child\" data-id=\"1f35b27\" data-element_type=\"container\" data-e-type=\"container\">\n\t\t\t\t\t<div class=\"e-con-inner\">\n\t\t\t\t<div class=\"elementor-element elementor-element-36d833e elementor-widget__width-initial elementor-widget-tablet__width-inherit elementor-widget elementor-widget-passim_core_section_title\" data-id=\"36d833e\" data-element_type=\"widget\" data-e-type=\"widget\" data-widget_type=\"passim_core_section_title.default\">\n\t\t\t\t<div class=\"elementor-widget-container\">\n\t\t\t\t\t<div class=\"qodef-shortcode qodef-m  qodef-section-title qodef-alignment--left\">\n\t\t\t\t<p class=\"qodef-m-text\" style=\"margin-top: 0px\">Dar c\u0103l\u0103toria lui Sorin este mai mult dec\u00e2t o serie de realiz\u0103ri; este o m\u0103rturie a urm\u0103ririi constante a frumuse\u021bii \u00een toate formele sale. Fiecare fir de p\u0103r stilizat de Sorin spune o poveste de creativitate, inova\u021bie \u0219i angajament neclintit fa\u021b\u0103 de expresia artistic\u0103. Fie c\u0103 creeaz\u0103 look-uri editoriale avangardiste sau translateaz\u0103 elegan\u021ba atemporal\u0103 \u00een stiluri de zi cu zi, arta lui Sorin transcende obi\u0219nuitul, l\u0103s\u00e2nd o amprent\u0103 de ne\u0219ters pe p\u00e2nza frumuse\u021bii.\n<\/p>\n<\/div>\n\t\t\t\t<\/div>\n\t\t\t\t<\/div>\n\t\t\t\t\t<\/div>\n\t\t\t\t<\/div>\n\t\t\t\t\t<\/div>\n\t\t\t\t<\/div>\n\t\t\t\t\t<\/div>\n\t\t<\/div>\n\t\t\t\t\t<\/div>\n\t\t<\/section>\n\t\t\t\t<\/div>","protected":false},"excerpt":{"rendered":"<p>Sorin Stratulat \u00cen centrul pove\u0219tii lui Sorin se afl\u0103 o dedica\u021bie pentru dep\u0103\u0219irea limitelor \u0219i redefinirea standardelor. Premiile sale, inclusiv multiplele victorii la prestigiosul Elle Style Awards, sunt o m\u0103rturie a abilit\u0103\u021bilor sale excep\u021bionale \u0219i a abord\u0103rii sale inovatoare \u00een stilizarea p\u0103rului. Fiecare premiu nu este doar o recunoa\u0219tere a talentului lui Sorin, ci \u0219i [&hellip;]<\/p>\n","protected":false},"author":1,"featured_media":0,"parent":0,"menu_order":0,"comment_status":"closed","ping_status":"closed","template":"page-full-width.php","meta":{"slim_seo":{"title":"Sorin Stratulat - Beauty District","description":"Sorin Stratulat \u00cen centrul pove\u0219tii lui Sorin se afl\u0103 o dedica\u021bie pentru dep\u0103\u0219irea limitelor \u0219i redefinirea standardelor. Premiile sale, inclusiv multiplele vic"},"footnotes":""},"class_list":["post-13107","page","type-page","status-publish","hentry"],"_links":{"self":[{"href":"https:\/\/beautydistrict.ro\/en\/wp-json\/wp\/v2\/pages\/13107","targetHints":{"allow":["GET"]}}],"collection":[{"href":"https:\/\/beautydistrict.ro\/en\/wp-json\/wp\/v2\/pages"}],"about":[{"href":"https:\/\/beautydistrict.ro\/en\/wp-json\/wp\/v2\/types\/page"}],"author":[{"embeddable":true,"href":"https:\/\/beautydistrict.ro\/en\/wp-json\/wp\/v2\/users\/1"}],"replies":[{"embeddable":true,"href":"https:\/\/beautydistrict.ro\/en\/wp-json\/wp\/v2\/comments?post=13107"}],"version-history":[{"count":0,"href":"https:\/\/beautydistrict.ro\/en\/wp-json\/wp\/v2\/pages\/13107\/revisions"}],"wp:attachment":[{"href":"https:\/\/beautydistrict.ro\/en\/wp-json\/wp\/v2\/media?parent=13107"}],"curies":[{"name":"wp","href":"https:\/\/api.w.org\/{rel}","templated":true}]}}