{"id":13175,"date":"2024-06-18T16:31:13","date_gmt":"2024-06-18T16:31:13","guid":{"rendered":"https:\/\/beautydistrict.ro\/?page_id=13175"},"modified":"2024-06-18T16:32:47","modified_gmt":"2024-06-18T16:32:47","slug":"alexandru-abagiu","status":"publish","type":"page","link":"https:\/\/beautydistrict.ro\/en\/alexandru-abagiu\/","title":{"rendered":"Alexandru Abagiu"},"content":{"rendered":"<div data-elementor-type=\"wp-page\" data-elementor-id=\"13175\" class=\"elementor elementor-13175\">\n\t\t\t\t<div class=\"elementor-element elementor-element-fcd71af e-flex e-con-boxed e-con e-parent\" data-id=\"fcd71af\" data-element_type=\"container\" data-e-type=\"container\">\n\t\t\t\t\t<div class=\"e-con-inner\">\n\t\t<div class=\"elementor-element elementor-element-8db57d7 e-con-full e-flex e-con e-child\" data-id=\"8db57d7\" data-element_type=\"container\" data-e-type=\"container\">\n\t\t\t\t<div class=\"elementor-element elementor-element-d8cfe7a elementor-widget__width-initial elementor-widget-tablet__width-inherit elementor-widget elementor-widget-passim_core_section_title\" data-id=\"d8cfe7a\" data-element_type=\"widget\" data-e-type=\"widget\" data-widget_type=\"passim_core_section_title.default\">\n\t\t\t\t<div class=\"elementor-widget-container\">\n\t\t\t\t\t<div class=\"qodef-shortcode qodef-m  qodef-section-title qodef-alignment--left\">\n\t\t<h1 class=\"qodef-m-title\" >\n\t\t\t\t\tAlexandru Abagiu\t\t\t<\/h1>\n\t\t\t<p class=\"qodef-m-text\" style=\"margin-top: 20px\">\u00centr-o lume \u00een care frumuse\u021bea este un amestec subtil de art\u0103 \u0219i tehnic\u0103, Alexandru Abagiu se eviden\u021biaz\u0103 ca un adev\u0103rat maestru, transform\u00e2nd fiecare chip \u00eentr-o p\u00e2nz\u0103 vibrant\u0103 a creativit\u0103\u021bii \u0219i perfec\u021biunii. Recunoscut \u0219i premiat la nivel interna\u021bional, Alexandru \u0219i-a c\u00e2\u0219tigat locul printre cei mai respecta\u021bi \u0219i urm\u0103ri\u021bi makeup arti\u0219ti din industrie, datorit\u0103 valorilor sale fundamentale: perfec\u021biune tehnic\u0103, creativitate f\u0103r\u0103 limite \u0219i o c\u0103utare neobosit\u0103 a celor mai noi trenduri.<\/p>\n<\/div>\n\t\t\t\t<\/div>\n\t\t\t\t<\/div>\n\t\t\t\t<div class=\"elementor-element elementor-element-5e7a6c2 elementor-widget elementor-widget-passim_core_button\" data-id=\"5e7a6c2\" data-element_type=\"widget\" data-e-type=\"widget\" data-widget_type=\"passim_core_button.default\">\n\t\t\t\t<div class=\"elementor-widget-container\">\n\t\t\t\t\t<a class=\"qodef-shortcode qodef-m  qodef-button qodef-layout--outlined  qodef-html--link\" href=\"\/en\/contact\/\" target=\"_self\" data-hover-color=\"#FFFFFF\" data-hover-background-color=\"#000000\" data-hover-border-color=\"#000000\" style=\"border-color: #000000\">\n\t<span class=\"qodef-m-text\">Appointments<\/span>\n<\/a>\n\t\t\t\t<\/div>\n\t\t\t\t<\/div>\n\t\t\t\t<\/div>\n\t\t<div class=\"elementor-element elementor-element-ee266ee e-con-full e-flex e-con e-child\" data-id=\"ee266ee\" data-element_type=\"container\" data-e-type=\"container\">\n\t\t\t\t<div class=\"elementor-element elementor-element-66f4c89 elementor-widget elementor-widget-image\" data-id=\"66f4c89\" data-element_type=\"widget\" data-e-type=\"widget\" data-widget_type=\"image.default\">\n\t\t\t\t<div class=\"elementor-widget-container\">\n\t\t\t\t\t\t\t\t\t\t\t\t\t\t\t<img fetchpriority=\"high\" decoding=\"async\" width=\"376\" height=\"544\" src=\"https:\/\/beautydistrict.ro\/wp-content\/uploads\/2024\/05\/Alexandru-Abagiu.jpg\" class=\"attachment-large size-large wp-image-12779\" alt=\"Alexandru Abagiu\" srcset=\"https:\/\/beautydistrict.ro\/wp-content\/uploads\/2024\/05\/Alexandru-Abagiu.jpg 376w, https:\/\/beautydistrict.ro\/wp-content\/uploads\/2024\/05\/Alexandru-Abagiu-207x300.jpg 207w\" sizes=\"(max-width: 376px) 100vw, 376px\" \/>\t\t\t\t\t\t\t\t\t\t\t\t\t\t\t<\/div>\n\t\t\t\t<\/div>\n\t\t\t\t<\/div>\n\t\t\t\t\t<\/div>\n\t\t\t\t<\/div>\n\t\t\t\t<section class=\"elementor-section elementor-top-section elementor-element elementor-element-777975f elementor-section-full_width elementor-section-height-default elementor-section-height-default qodef-elementor-content-no\" data-id=\"777975f\" data-element_type=\"section\" data-e-type=\"section\" data-settings=\"{&quot;background_background&quot;:&quot;classic&quot;}\">\n\t\t\t\t\t\t<div class=\"elementor-container elementor-column-gap-default\">\n\t\t\t\t\t<div class=\"elementor-column elementor-col-100 elementor-top-column elementor-element elementor-element-679cf87\" data-id=\"679cf87\" data-element_type=\"column\" data-e-type=\"column\">\n\t\t\t<div class=\"elementor-widget-wrap elementor-element-populated\">\n\t\t\t\t\t\t<div class=\"elementor-element elementor-element-f70e47c elementor-widget__width-initial elementor-widget-tablet__width-inherit elementor-widget-mobile__width-inherit elementor-widget elementor-widget-passim_core_section_title\" data-id=\"f70e47c\" data-element_type=\"widget\" data-e-type=\"widget\" data-widget_type=\"passim_core_section_title.default\">\n\t\t\t\t<div class=\"elementor-widget-container\">\n\t\t\t\t\t<div class=\"qodef-shortcode qodef-m  qodef-section-title qodef-alignment--left qodef-title-break--disabled\">\n\t\t<h4 class=\"qodef-m-title\" >\n\t\t\t\t\tAlexandru \u00ee\u0219i \u00eempinge mereu limitele creativit\u0103\u021bii...\t\t\t<\/h4>\n\t\t<\/div>\n\t\t\t\t<\/div>\n\t\t\t\t<\/div>\n\t\t<div class=\"elementor-element elementor-element-95bde9f e-grid e-con-boxed e-con e-parent\" data-id=\"95bde9f\" data-element_type=\"container\" data-e-type=\"container\">\n\t\t\t\t\t<div class=\"e-con-inner\">\n\t\t<div class=\"elementor-element elementor-element-1005760 e-flex e-con-boxed e-con e-child\" data-id=\"1005760\" data-element_type=\"container\" data-e-type=\"container\">\n\t\t\t\t\t<div class=\"e-con-inner\">\n\t\t\t\t<div class=\"elementor-element elementor-element-488a10f elementor-widget__width-initial elementor-widget-tablet__width-inherit elementor-widget elementor-widget-passim_core_section_title\" data-id=\"488a10f\" data-element_type=\"widget\" data-e-type=\"widget\" data-widget_type=\"passim_core_section_title.default\">\n\t\t\t\t<div class=\"elementor-widget-container\">\n\t\t\t\t\t<div class=\"qodef-shortcode qodef-m  qodef-section-title qodef-alignment--left\">\n\t\t\t\t<p class=\"qodef-m-text\" style=\"margin-top: 0px\">Creativitatea f\u0103r\u0103 limite este cea care \u00eel diferen\u021biaz\u0103 pe Alexandru de ceilal\u021bi arti\u0219ti. El vede machiajul nu doar ca pe o metod\u0103 de \u00eenfrumuse\u021bare, ci ca pe o form\u0103 de art\u0103 pur\u0103, un mijloc de exprimare liber\u0103 \u0219i inovatoare. De la look-uri avangardiste la machiaje clasice cu o not\u0103 modern\u0103, Alexandru \u00ee\u0219i \u00eempinge mereu limitele creativit\u0103\u021bii, reu\u0219ind s\u0103 surprind\u0103 \u0219i s\u0103 inspire.<\/p>\n<\/div>\n\t\t\t\t<\/div>\n\t\t\t\t<\/div>\n\t\t\t\t\t<\/div>\n\t\t\t\t<\/div>\n\t\t<div class=\"elementor-element elementor-element-1f35b27 e-flex e-con-boxed e-con e-child\" data-id=\"1f35b27\" data-element_type=\"container\" data-e-type=\"container\">\n\t\t\t\t\t<div class=\"e-con-inner\">\n\t\t\t\t<div class=\"elementor-element elementor-element-36d833e elementor-widget__width-initial elementor-widget-tablet__width-inherit elementor-widget elementor-widget-passim_core_section_title\" data-id=\"36d833e\" data-element_type=\"widget\" data-e-type=\"widget\" data-widget_type=\"passim_core_section_title.default\">\n\t\t\t\t<div class=\"elementor-widget-container\">\n\t\t\t\t\t<div class=\"qodef-shortcode qodef-m  qodef-section-title qodef-alignment--left\">\n\t\t\t\t<p class=\"qodef-m-text\" style=\"margin-top: 0px\">Portofoliul s\u0103u reflect\u0103 nu doar diversitatea \u0219i versatilitatea sa, ci \u0219i impactul profund pe care l-a avut \u00een lumea frumuse\u021bii. Fie c\u0103 lucreaz\u0103 la \u0219edin\u021be foto editoriale, evenimente de covor ro\u0219u sau proiecte comerciale de anvergur\u0103, Alexandru aduce \u00eentotdeauna aceea\u0219i pasiune \u0219i dedicare, transform\u00e2nd fiecare proiect \u00eentr-o capodoper\u0103.<\/p>\n<\/div>\n\t\t\t\t<\/div>\n\t\t\t\t<\/div>\n\t\t\t\t\t<\/div>\n\t\t\t\t<\/div>\n\t\t\t\t\t<\/div>\n\t\t\t\t<\/div>\n\t\t\t\t\t<\/div>\n\t\t<\/div>\n\t\t\t\t\t<\/div>\n\t\t<\/section>\n\t\t\t\t<\/div>","protected":false},"excerpt":{"rendered":"<p>Alexandru Abagiu \u00centr-o lume \u00een care frumuse\u021bea este un amestec subtil de art\u0103 \u0219i tehnic\u0103, Alexandru Abagiu se eviden\u021biaz\u0103 ca un adev\u0103rat maestru, transform\u00e2nd fiecare chip \u00eentr-o p\u00e2nz\u0103 vibrant\u0103 a creativit\u0103\u021bii \u0219i perfec\u021biunii. Recunoscut \u0219i premiat la nivel interna\u021bional, Alexandru \u0219i-a c\u00e2\u0219tigat locul printre cei mai respecta\u021bi \u0219i urm\u0103ri\u021bi makeup arti\u0219ti din industrie, datorit\u0103 valorilor [&hellip;]<\/p>\n","protected":false},"author":1,"featured_media":0,"parent":0,"menu_order":0,"comment_status":"closed","ping_status":"closed","template":"page-full-width.php","meta":{"slim_seo":{"title":"Alexandru Abagiu - Beauty District","description":"Alexandru Abagiu \u00centr-o lume \u00een care frumuse\u021bea este un amestec subtil de art\u0103 \u0219i tehnic\u0103, Alexandru Abagiu se eviden\u021biaz\u0103 ca un adev\u0103rat maestru, transform\u00e2nd"},"footnotes":""},"class_list":["post-13175","page","type-page","status-publish","hentry"],"_links":{"self":[{"href":"https:\/\/beautydistrict.ro\/en\/wp-json\/wp\/v2\/pages\/13175","targetHints":{"allow":["GET"]}}],"collection":[{"href":"https:\/\/beautydistrict.ro\/en\/wp-json\/wp\/v2\/pages"}],"about":[{"href":"https:\/\/beautydistrict.ro\/en\/wp-json\/wp\/v2\/types\/page"}],"author":[{"embeddable":true,"href":"https:\/\/beautydistrict.ro\/en\/wp-json\/wp\/v2\/users\/1"}],"replies":[{"embeddable":true,"href":"https:\/\/beautydistrict.ro\/en\/wp-json\/wp\/v2\/comments?post=13175"}],"version-history":[{"count":0,"href":"https:\/\/beautydistrict.ro\/en\/wp-json\/wp\/v2\/pages\/13175\/revisions"}],"wp:attachment":[{"href":"https:\/\/beautydistrict.ro\/en\/wp-json\/wp\/v2\/media?parent=13175"}],"curies":[{"name":"wp","href":"https:\/\/api.w.org\/{rel}","templated":true}]}}