{"id":13183,"date":"2024-06-18T16:33:36","date_gmt":"2024-06-18T16:33:36","guid":{"rendered":"https:\/\/beautydistrict.ro\/?page_id=13183"},"modified":"2026-01-24T18:39:54","modified_gmt":"2026-01-24T18:39:54","slug":"catalina-stoica","status":"publish","type":"page","link":"https:\/\/beautydistrict.ro\/en\/catalina-stoica\/","title":{"rendered":"Catalina Stoica"},"content":{"rendered":"<div data-elementor-type=\"wp-page\" data-elementor-id=\"13183\" class=\"elementor elementor-13183\">\n\t\t\t\t<div class=\"elementor-element elementor-element-fcd71af e-flex e-con-boxed e-con e-parent\" data-id=\"fcd71af\" data-element_type=\"container\" data-e-type=\"container\">\n\t\t\t\t\t<div class=\"e-con-inner\">\n\t\t<div class=\"elementor-element elementor-element-8db57d7 e-con-full e-flex e-con e-child\" data-id=\"8db57d7\" data-element_type=\"container\" data-e-type=\"container\">\n\t\t\t\t<div class=\"elementor-element elementor-element-d8cfe7a elementor-widget__width-initial elementor-widget-tablet__width-inherit elementor-widget elementor-widget-passim_core_section_title\" data-id=\"d8cfe7a\" data-element_type=\"widget\" data-e-type=\"widget\" data-widget_type=\"passim_core_section_title.default\">\n\t\t\t\t<div class=\"elementor-widget-container\">\n\t\t\t\t\t<div class=\"qodef-shortcode qodef-m  qodef-section-title qodef-alignment--left\">\n\t\t<h1 class=\"qodef-m-title\" >\n\t\t\t\t\tCatalina Stoica\t\t\t<\/h1>\n\t\t\t<p class=\"qodef-m-text\" style=\"margin-top: 20px\">C\u0103t\u0103lina Stoica a ridicat serviciile de manichiur\u0103 la un nou standard, aduc\u00e2nd elegan\u021b\u0103 \u0219i rafinament fiec\u0103rui model creat. Fiecare unghie devine o p\u00e2nz\u0103 pe care C\u0103t\u0103lina \u00ee\u0219i manifest\u0103 talentul artistic, cre\u00e2nd opere de art\u0103 miniaturale care reflect\u0103 nu doar frumuse\u021bea, dar \u0219i personalitatea fiec\u0103rei cliente. Cu o aten\u021bie meticuloas\u0103 la detalii \u0219i o st\u0103p\u00e2nire perfect\u0103 a tehnicilor de manichiur\u0103, C\u0103t\u0103lina reu\u0219e\u0219te s\u0103 transforme fiecare sesiune \u00eentr-o experien\u021b\u0103 de lux.<\/p>\n<\/div>\n\t\t\t\t<\/div>\n\t\t\t\t<\/div>\n\t\t\t\t<div class=\"elementor-element elementor-element-5e7a6c2 elementor-widget elementor-widget-passim_core_button\" data-id=\"5e7a6c2\" data-element_type=\"widget\" data-e-type=\"widget\" data-widget_type=\"passim_core_button.default\">\n\t\t\t\t<div class=\"elementor-widget-container\">\n\t\t\t\t\t<a class=\"qodef-shortcode qodef-m  qodef-button qodef-layout--outlined  qodef-html--link\" href=\"\/en\/contact\/\" target=\"_self\" data-hover-color=\"#FFFFFF\" data-hover-background-color=\"#000000\" data-hover-border-color=\"#000000\" style=\"border-color: #000000\">\n\t<span class=\"qodef-m-text\">Appointments<\/span>\n<\/a>\n\t\t\t\t<\/div>\n\t\t\t\t<\/div>\n\t\t\t\t<\/div>\n\t\t<div class=\"elementor-element elementor-element-ee266ee e-con-full e-flex e-con e-child\" data-id=\"ee266ee\" data-element_type=\"container\" data-e-type=\"container\">\n\t\t\t\t<div class=\"elementor-element elementor-element-66f4c89 elementor-widget elementor-widget-image\" data-id=\"66f4c89\" data-element_type=\"widget\" data-e-type=\"widget\" data-widget_type=\"image.default\">\n\t\t\t\t<div class=\"elementor-widget-container\">\n\t\t\t\t\t\t\t\t\t\t\t\t\t\t\t<img fetchpriority=\"high\" decoding=\"async\" width=\"376\" height=\"544\" src=\"https:\/\/beautydistrict.ro\/wp-content\/uploads\/2024\/05\/Catalina-Stoica.jpg\" class=\"attachment-large size-large wp-image-12780\" alt=\"Catalina Stoica\" srcset=\"https:\/\/beautydistrict.ro\/wp-content\/uploads\/2024\/05\/Catalina-Stoica.jpg 376w, https:\/\/beautydistrict.ro\/wp-content\/uploads\/2024\/05\/Catalina-Stoica-207x300.jpg 207w\" sizes=\"(max-width: 376px) 100vw, 376px\" \/>\t\t\t\t\t\t\t\t\t\t\t\t\t\t\t<\/div>\n\t\t\t\t<\/div>\n\t\t\t\t<\/div>\n\t\t\t\t\t<\/div>\n\t\t\t\t<\/div>\n\t\t\t\t<section class=\"elementor-section elementor-top-section elementor-element elementor-element-777975f elementor-section-full_width elementor-section-height-default elementor-section-height-default qodef-elementor-content-no\" data-id=\"777975f\" data-element_type=\"section\" data-e-type=\"section\" data-settings=\"{&quot;background_background&quot;:&quot;classic&quot;}\">\n\t\t\t\t\t\t<div class=\"elementor-container elementor-column-gap-default\">\n\t\t\t\t\t<div class=\"elementor-column elementor-col-100 elementor-top-column elementor-element elementor-element-679cf87\" data-id=\"679cf87\" data-element_type=\"column\" data-e-type=\"column\">\n\t\t\t<div class=\"elementor-widget-wrap elementor-element-populated\">\n\t\t\t\t\t\t<div class=\"elementor-element elementor-element-f70e47c elementor-widget__width-initial elementor-widget-tablet__width-inherit elementor-widget-mobile__width-inherit elementor-widget elementor-widget-passim_core_section_title\" data-id=\"f70e47c\" data-element_type=\"widget\" data-e-type=\"widget\" data-widget_type=\"passim_core_section_title.default\">\n\t\t\t\t<div class=\"elementor-widget-container\">\n\t\t\t\t\t<div class=\"qodef-shortcode qodef-m  qodef-section-title qodef-alignment--left qodef-title-break--disabled\">\n\t\t<h4 class=\"qodef-m-title\" >\n\t\t\t\t\tun adev\u0103rat trendsetter \u00een domeniul manichiurii..\t\t\t<\/h4>\n\t\t<\/div>\n\t\t\t\t<\/div>\n\t\t\t\t<\/div>\n\t\t<div class=\"elementor-element elementor-element-95bde9f e-grid e-con-boxed e-con e-parent\" data-id=\"95bde9f\" data-element_type=\"container\" data-e-type=\"container\">\n\t\t\t\t\t<div class=\"e-con-inner\">\n\t\t<div class=\"elementor-element elementor-element-1005760 e-flex e-con-boxed e-con e-child\" data-id=\"1005760\" data-element_type=\"container\" data-e-type=\"container\">\n\t\t\t\t\t<div class=\"e-con-inner\">\n\t\t\t\t<div class=\"elementor-element elementor-element-488a10f elementor-widget__width-initial elementor-widget-tablet__width-inherit elementor-widget elementor-widget-passim_core_section_title\" data-id=\"488a10f\" data-element_type=\"widget\" data-e-type=\"widget\" data-widget_type=\"passim_core_section_title.default\">\n\t\t\t\t<div class=\"elementor-widget-container\">\n\t\t\t\t\t<div class=\"qodef-shortcode qodef-m  qodef-section-title qodef-alignment--left\">\n\t\t\t\t<p class=\"qodef-m-text\" style=\"margin-top: 0px\">Pasiunea pentru detalii este piatra de temelie a succesului s\u0103u. C\u0103t\u0103lina \u00ee\u0219i dedic\u0103 timpul pentru a \u00een\u021belege nevoile \u0219i dorin\u021bele fiec\u0103rei cliente, asigur\u00e2ndu-se c\u0103 fiecare manichiur\u0103 este perfect adaptat\u0103 stilului personal al acesteia. Aceast\u0103 aten\u021bie personalizat\u0103 este ceea ce o diferen\u021biaz\u0103 \u0219i o face at\u00e2t de apreciat\u0103 \u00een r\u00e2ndul celor care caut\u0103 excelen\u021b\u0103 \u00een serviciile de manichiur\u0103.<\/p>\n<\/div>\n\t\t\t\t<\/div>\n\t\t\t\t<\/div>\n\t\t\t\t\t<\/div>\n\t\t\t\t<\/div>\n\t\t<div class=\"elementor-element elementor-element-1f35b27 e-flex e-con-boxed e-con e-child\" data-id=\"1f35b27\" data-element_type=\"container\" data-e-type=\"container\">\n\t\t\t\t\t<div class=\"e-con-inner\">\n\t\t\t\t<div class=\"elementor-element elementor-element-36d833e elementor-widget__width-initial elementor-widget-tablet__width-inherit elementor-widget elementor-widget-passim_core_section_title\" data-id=\"36d833e\" data-element_type=\"widget\" data-e-type=\"widget\" data-widget_type=\"passim_core_section_title.default\">\n\t\t\t\t<div class=\"elementor-widget-container\">\n\t\t\t\t\t<div class=\"qodef-shortcode qodef-m  qodef-section-title qodef-alignment--left\">\n\t\t\t\t<p class=\"qodef-m-text\" style=\"margin-top: 0px\">C\u0103t\u0103lina nu este doar un nail artist; este un adev\u0103rat trendsetter \u00een domeniul manichiurii. Cu o capacitate de a anticipa \u0219i a seta tendin\u021bele, ea r\u0103m\u00e2ne mereu \u00een avangarda inova\u021biei, aduc\u00e2nd tehnici \u0219i produse de ultim\u0103 genera\u021bie \u00een serviciile sale. Aceast\u0103 dorin\u021b\u0103 neobosit\u0103 de a evolua \u0219i de a se perfec\u021biona constant este ceea ce o face un nume de referin\u021b\u0103  \u00een industrie.<\/p>\n<\/div>\n\t\t\t\t<\/div>\n\t\t\t\t<\/div>\n\t\t\t\t\t<\/div>\n\t\t\t\t<\/div>\n\t\t\t\t\t<\/div>\n\t\t\t\t<\/div>\n\t\t\t\t\t<\/div>\n\t\t<\/div>\n\t\t\t\t\t<\/div>\n\t\t<\/section>\n\t\t\t\t<\/div>","protected":false},"excerpt":{"rendered":"<p>Catalina Stoica C\u0103t\u0103lina Stoica a ridicat serviciile de manichiur\u0103 la un nou standard, aduc\u00e2nd elegan\u021b\u0103 \u0219i rafinament fiec\u0103rui model creat. Fiecare unghie devine o p\u00e2nz\u0103 pe care C\u0103t\u0103lina \u00ee\u0219i manifest\u0103 talentul artistic, cre\u00e2nd opere de art\u0103 miniaturale care reflect\u0103 nu doar frumuse\u021bea, dar \u0219i personalitatea fiec\u0103rei cliente. Cu o aten\u021bie meticuloas\u0103 la detalii \u0219i o [&hellip;]<\/p>\n","protected":false},"author":1,"featured_media":0,"parent":0,"menu_order":0,"comment_status":"closed","ping_status":"closed","template":"page-full-width.php","meta":{"slim_seo":{"title":"Catalina Stoica - Beauty District","description":"Catalina Stoica C\u0103t\u0103lina Stoica a ridicat serviciile de manichiur\u0103 la un nou standard, aduc\u00e2nd elegan\u021b\u0103 \u0219i rafinament fiec\u0103rui model creat. Fiecare unghie devin"},"footnotes":""},"class_list":["post-13183","page","type-page","status-publish","hentry"],"_links":{"self":[{"href":"https:\/\/beautydistrict.ro\/en\/wp-json\/wp\/v2\/pages\/13183","targetHints":{"allow":["GET"]}}],"collection":[{"href":"https:\/\/beautydistrict.ro\/en\/wp-json\/wp\/v2\/pages"}],"about":[{"href":"https:\/\/beautydistrict.ro\/en\/wp-json\/wp\/v2\/types\/page"}],"author":[{"embeddable":true,"href":"https:\/\/beautydistrict.ro\/en\/wp-json\/wp\/v2\/users\/1"}],"replies":[{"embeddable":true,"href":"https:\/\/beautydistrict.ro\/en\/wp-json\/wp\/v2\/comments?post=13183"}],"version-history":[{"count":5,"href":"https:\/\/beautydistrict.ro\/en\/wp-json\/wp\/v2\/pages\/13183\/revisions"}],"predecessor-version":[{"id":13971,"href":"https:\/\/beautydistrict.ro\/en\/wp-json\/wp\/v2\/pages\/13183\/revisions\/13971"}],"wp:attachment":[{"href":"https:\/\/beautydistrict.ro\/en\/wp-json\/wp\/v2\/media?parent=13183"}],"curies":[{"name":"wp","href":"https:\/\/api.w.org\/{rel}","templated":true}]}}