{"id":13886,"date":"2025-08-07T11:31:59","date_gmt":"2025-08-07T11:31:59","guid":{"rendered":"https:\/\/beautydistrict.ro\/?page_id=13886"},"modified":"2025-08-07T11:32:18","modified_gmt":"2025-08-07T11:32:18","slug":"politica-de-anulare-si-neprezentare","status":"publish","type":"page","link":"https:\/\/beautydistrict.ro\/en\/politica-de-anulare-si-neprezentare\/","title":{"rendered":"Politica de anulare \u0219i neprezentare"},"content":{"rendered":"<h1 class=\"wp-block-heading\">Politica de anulare \u0219i neprezentare<\/h1>\n\n\n\n<p>Pentru a respecta timpul tuturor \u0219i pentru a ne organiza c\u00e2t mai eficient, te rug\u0103m s\u0103 ai \u00een vedere urm\u0103toarele:<\/p>\n\n\n\n<p>\u2013 Anul\u0103rile sau reprogram\u0103rile se pot face cu minimum 24 de ore \u00eenainte de ora stabilit\u0103.<\/p>\n\n\n\n<p>\u2013 \u00cen cazul \u00een care se \u00eenregistreaz\u0103 3 anul\u0103ri repetate sau neprezent\u0103ri, ne rezerv\u0103m dreptul de a refuza sau de a nu mai efectua o programare viitoare.<\/p>\n\n\n\n<p>Aceast\u0103 politic\u0103 se aplic\u0103 \u00een mod egal tuturor clien\u021bilor, f\u0103r\u0103 excep\u021bii, pentru a asigura un program echilibrat \u0219i corect.<\/p>\n\n\n\n<p>\u00ce\u021bi mul\u021bumim pentru \u00een\u021belegere \u0219i pentru c\u0103 ne aju\u021bi s\u0103 oferim servicii de calitate tuturor!<\/p>\n\n\n\n<p><\/p>","protected":false},"excerpt":{"rendered":"<p>Politica de anulare \u0219i neprezentare Pentru a respecta timpul tuturor \u0219i pentru a ne organiza c\u00e2t mai eficient, te rug\u0103m s\u0103 ai \u00een vedere urm\u0103toarele: \u2013 Anul\u0103rile sau reprogram\u0103rile se pot face cu minimum 24 de ore \u00eenainte de ora stabilit\u0103. \u2013 \u00cen cazul \u00een care se \u00eenregistreaz\u0103 3 anul\u0103ri repetate sau neprezent\u0103ri, ne rezerv\u0103m [&hellip;]<\/p>\n","protected":false},"author":1,"featured_media":0,"parent":0,"menu_order":0,"comment_status":"closed","ping_status":"closed","template":"","meta":{"slim_seo":{"title":"Politica de anulare \u0219i neprezentare - Beauty District","description":"Politica de anulare \u0219i neprezentare Pentru a respecta timpul tuturor \u0219i pentru a ne organiza c\u00e2t mai eficient, te rug\u0103m s\u0103 ai \u00een vedere urm\u0103toarele: \u2013 Anul\u0103rile"},"footnotes":""},"class_list":["post-13886","page","type-page","status-publish","hentry"],"_links":{"self":[{"href":"https:\/\/beautydistrict.ro\/en\/wp-json\/wp\/v2\/pages\/13886","targetHints":{"allow":["GET"]}}],"collection":[{"href":"https:\/\/beautydistrict.ro\/en\/wp-json\/wp\/v2\/pages"}],"about":[{"href":"https:\/\/beautydistrict.ro\/en\/wp-json\/wp\/v2\/types\/page"}],"author":[{"embeddable":true,"href":"https:\/\/beautydistrict.ro\/en\/wp-json\/wp\/v2\/users\/1"}],"replies":[{"embeddable":true,"href":"https:\/\/beautydistrict.ro\/en\/wp-json\/wp\/v2\/comments?post=13886"}],"version-history":[{"count":3,"href":"https:\/\/beautydistrict.ro\/en\/wp-json\/wp\/v2\/pages\/13886\/revisions"}],"predecessor-version":[{"id":13889,"href":"https:\/\/beautydistrict.ro\/en\/wp-json\/wp\/v2\/pages\/13886\/revisions\/13889"}],"wp:attachment":[{"href":"https:\/\/beautydistrict.ro\/en\/wp-json\/wp\/v2\/media?parent=13886"}],"curies":[{"name":"wp","href":"https:\/\/api.w.org\/{rel}","templated":true}]}}