{"id":4311,"date":"2021-01-08T13:19:44","date_gmt":"2021-01-08T13:19:44","guid":{"rendered":"https:\/\/passim.qodeinteractive.com\/?page_id=4311"},"modified":"2024-07-12T12:39:25","modified_gmt":"2024-07-12T12:39:25","slug":"contact","status":"publish","type":"page","link":"https:\/\/beautydistrict.ro\/en\/contact\/","title":{"rendered":"Contact"},"content":{"rendered":"<div data-elementor-type=\"wp-page\" data-elementor-id=\"4311\" class=\"elementor elementor-4311\">\n\t\t\t\t\t\t<section class=\"elementor-section elementor-top-section elementor-element elementor-element-e1e58c0 qodef-elementor-content-grid elementor-section-boxed elementor-section-height-default elementor-section-height-default\" data-id=\"e1e58c0\" data-element_type=\"section\" data-e-type=\"section\">\n\t\t\t\t\t\t<div class=\"elementor-container elementor-column-gap-default\">\n\t\t\t\t\t<div class=\"elementor-column elementor-col-100 elementor-top-column elementor-element elementor-element-29d723a\" data-id=\"29d723a\" data-element_type=\"column\" data-e-type=\"column\">\n\t\t\t<div class=\"elementor-widget-wrap elementor-element-populated\">\n\t\t\t\t\t\t<div class=\"elementor-element elementor-element-d4ed96b elementor-widget elementor-widget-passim_core_section_title\" data-id=\"d4ed96b\" data-element_type=\"widget\" data-e-type=\"widget\" data-widget_type=\"passim_core_section_title.default\">\n\t\t\t\t<div class=\"elementor-widget-container\">\n\t\t\t\t\t<div class=\"qodef-shortcode qodef-m  qodef-section-title qodef-alignment--center\">\n\t\t<h2 class=\"qodef-m-title\" >\n\t\t\t\t\tContact\t\t\t<\/h2>\n\t\t<\/div>\n\t\t\t\t<\/div>\n\t\t\t\t<\/div>\n\t\t\t\t\t<\/div>\n\t\t<\/div>\n\t\t\t\t\t<\/div>\n\t\t<\/section>\n\t\t\t\t<section class=\"elementor-section elementor-top-section elementor-element elementor-element-5a11484 elementor-section-full_width elementor-section-height-default elementor-section-height-default qodef-elementor-content-no\" data-id=\"5a11484\" data-element_type=\"section\" data-e-type=\"section\">\n\t\t\t\t\t\t<div class=\"elementor-container elementor-column-gap-default\">\n\t\t\t\t\t<div class=\"elementor-column elementor-col-50 elementor-top-column elementor-element elementor-element-1c119f2\" data-id=\"1c119f2\" data-element_type=\"column\" data-e-type=\"column\">\n\t\t\t<div class=\"elementor-widget-wrap elementor-element-populated\">\n\t\t\t\t\t\t<div class=\"elementor-element elementor-element-53f7f9a elementor-widget elementor-widget-passim_core_single_image\" data-id=\"53f7f9a\" data-element_type=\"widget\" data-e-type=\"widget\" data-widget_type=\"passim_core_single_image.default\">\n\t\t\t\t<div class=\"elementor-widget-container\">\n\t\t\t\t\t<div class=\"qodef-shortcode qodef-m  qodef-single-image qodef-layout--default\">\n\t<div class=\"qodef-m-image\"  ><\/div>\n\n\t<img fetchpriority=\"high\" decoding=\"async\" width=\"1000\" height=\"1286\" src=\"https:\/\/beautydistrict.ro\/wp-content\/uploads\/2024\/07\/nordului-beauty-district.png\" class=\"attachment-full size-full\" alt=\"Nordului Beauty District\" srcset=\"https:\/\/beautydistrict.ro\/wp-content\/uploads\/2024\/07\/nordului-beauty-district.png 1000w, https:\/\/beautydistrict.ro\/wp-content\/uploads\/2024\/07\/nordului-beauty-district-233x300.png 233w, https:\/\/beautydistrict.ro\/wp-content\/uploads\/2024\/07\/nordului-beauty-district-796x1024.png 796w, https:\/\/beautydistrict.ro\/wp-content\/uploads\/2024\/07\/nordului-beauty-district-768x988.png 768w\" sizes=\"(max-width: 1000px) 100vw, 1000px\" \/><\/div>\n\t\t\t\t<\/div>\n\t\t\t\t<\/div>\n\t\t\t\t<div class=\"elementor-element elementor-element-53e4442 elementor-widget elementor-widget-passim_core_section_title\" data-id=\"53e4442\" data-element_type=\"widget\" data-e-type=\"widget\" data-widget_type=\"passim_core_section_title.default\">\n\t\t\t\t<div class=\"elementor-widget-container\">\n\t\t\t\t\t<div class=\"qodef-shortcode qodef-m  qodef-section-title qodef-alignment--center\">\n\t\t<h5 class=\"qodef-m-title\" >\n\t\t\t\t\tNordului\t\t\t<\/h5>\n\t\t<\/div>\n\t\t\t\t<\/div>\n\t\t\t\t<\/div>\n\t\t\t\t<div class=\"elementor-element elementor-element-2bb406b elementor-widget elementor-widget-text-editor\" data-id=\"2bb406b\" data-element_type=\"widget\" data-e-type=\"widget\" data-widget_type=\"text-editor.default\">\n\t\t\t\t<div class=\"elementor-widget-container\">\n\t\t\t\t\t\t\t\t\t<p>\u0218os. Nordului 82-92B, District 1, Bucharest<\/p>\t\t\t\t\t\t\t\t<\/div>\n\t\t\t\t<\/div>\n\t\t\t\t<div class=\"elementor-element elementor-element-9fafc44 elementor-widget elementor-widget-text-editor\" data-id=\"9fafc44\" data-element_type=\"widget\" data-e-type=\"widget\" data-widget_type=\"text-editor.default\">\n\t\t\t\t<div class=\"elementor-widget-container\">\n\t\t\t\t\t\t\t\t\t<p>Monday \u2013 Friday: 8:00 AM \u2013 8:00 PM\u00a0<br \/>Saturday: 9:00 AM \u2013 6:00 PM<\/p>\t\t\t\t\t\t\t\t<\/div>\n\t\t\t\t<\/div>\n\t\t\t\t<div class=\"elementor-element elementor-element-9aae9ea elementor-widget elementor-widget-text-editor\" data-id=\"9aae9ea\" data-element_type=\"widget\" data-e-type=\"widget\" data-widget_type=\"text-editor.default\">\n\t\t\t\t<div class=\"elementor-widget-container\">\n\t\t\t\t\t\t\t\t\t<p>T: <a href=\"tel:0212329779\">021 232 97 79<\/a><br \/>M: <a href=\"tel:+40731700652\">+40 731 700 652<\/a><\/p>\t\t\t\t\t\t\t\t<\/div>\n\t\t\t\t<\/div>\n\t\t\t\t\t<\/div>\n\t\t<\/div>\n\t\t\t\t<div class=\"elementor-column elementor-col-50 elementor-top-column elementor-element elementor-element-8b35359\" data-id=\"8b35359\" data-element_type=\"column\" data-e-type=\"column\">\n\t\t\t<div class=\"elementor-widget-wrap elementor-element-populated\">\n\t\t\t\t\t\t<div class=\"elementor-element elementor-element-feba86c elementor-hidden-tablet elementor-widget elementor-widget-passim_core_single_image\" data-id=\"feba86c\" data-element_type=\"widget\" data-e-type=\"widget\" data-widget_type=\"passim_core_single_image.default\">\n\t\t\t\t<div class=\"elementor-widget-container\">\n\t\t\t\t\t<div class=\"qodef-shortcode qodef-m  qodef-single-image qodef-layout--default\">\n\t<div class=\"qodef-m-image\"  ><\/div>\n\n\t<img decoding=\"async\" width=\"1000\" height=\"1286\" src=\"https:\/\/beautydistrict.ro\/wp-content\/uploads\/2024\/07\/stejarii-beauty-district.png\" class=\"attachment-full size-full\" alt=\"Stejarii Beauty District\" srcset=\"https:\/\/beautydistrict.ro\/wp-content\/uploads\/2024\/07\/stejarii-beauty-district.png 1000w, https:\/\/beautydistrict.ro\/wp-content\/uploads\/2024\/07\/stejarii-beauty-district-233x300.png 233w, https:\/\/beautydistrict.ro\/wp-content\/uploads\/2024\/07\/stejarii-beauty-district-796x1024.png 796w, https:\/\/beautydistrict.ro\/wp-content\/uploads\/2024\/07\/stejarii-beauty-district-768x988.png 768w\" sizes=\"(max-width: 1000px) 100vw, 1000px\" \/><\/div>\n\t\t\t\t<\/div>\n\t\t\t\t<\/div>\n\t\t\t\t<div class=\"elementor-element elementor-element-6fd2823 elementor-widget elementor-widget-passim_core_section_title\" data-id=\"6fd2823\" data-element_type=\"widget\" data-e-type=\"widget\" data-widget_type=\"passim_core_section_title.default\">\n\t\t\t\t<div class=\"elementor-widget-container\">\n\t\t\t\t\t<div class=\"qodef-shortcode qodef-m  qodef-section-title qodef-alignment--center\">\n\t\t<h5 class=\"qodef-m-title\" >\n\t\t\t\t\t Stejarii\t\t\t<\/h5>\n\t\t<\/div>\n\t\t\t\t<\/div>\n\t\t\t\t<\/div>\n\t\t\t\t<div class=\"elementor-element elementor-element-1d45a0f elementor-widget elementor-widget-text-editor\" data-id=\"1d45a0f\" data-element_type=\"widget\" data-e-type=\"widget\" data-widget_type=\"text-editor.default\">\n\t\t\t\t<div class=\"elementor-widget-container\">\n\t\t\t\t\t\t\t\t\t<p>Str. Jandarmeriei 14A, District 1, Bucharest<\/p>\t\t\t\t\t\t\t\t<\/div>\n\t\t\t\t<\/div>\n\t\t\t\t<div class=\"elementor-element elementor-element-85f971c elementor-widget elementor-widget-text-editor\" data-id=\"85f971c\" data-element_type=\"widget\" data-e-type=\"widget\" data-widget_type=\"text-editor.default\">\n\t\t\t\t<div class=\"elementor-widget-container\">\n\t\t\t\t\t\t\t\t\t<p>Monday \u2013 Friday: 10:00 AM \u2013 10:00 PM\u00a0<br \/>Saturday \u2013 Sunday: 10:00 AM \u2013 9:00 PM<\/p>\t\t\t\t\t\t\t\t<\/div>\n\t\t\t\t<\/div>\n\t\t\t\t<div class=\"elementor-element elementor-element-a052431 elementor-widget elementor-widget-text-editor\" data-id=\"a052431\" data-element_type=\"widget\" data-e-type=\"widget\" data-widget_type=\"text-editor.default\">\n\t\t\t\t<div class=\"elementor-widget-container\">\n\t\t\t\t\t\t\t\t\t<p>M: <a href=\"tel:+40733920920\">+40 733 920 920<\/a><\/p>\t\t\t\t\t\t\t\t<\/div>\n\t\t\t\t<\/div>\n\t\t\t\t\t<\/div>\n\t\t<\/div>\n\t\t\t\t\t<\/div>\n\t\t<\/section>\n\t\t\t\t<section class=\"elementor-section elementor-top-section elementor-element elementor-element-a3c49c4 qodef-elementor-content-grid elementor-section-content-middle elementor-section-boxed elementor-section-height-default elementor-section-height-default\" data-id=\"a3c49c4\" data-element_type=\"section\" data-e-type=\"section\" data-settings=\"{&quot;background_background&quot;:&quot;classic&quot;}\">\n\t\t\t\t\t\t<div class=\"elementor-container elementor-column-gap-default\">\n\t\t\t\t\t<div class=\"elementor-column elementor-col-100 elementor-top-column elementor-element elementor-element-0940582\" data-id=\"0940582\" data-element_type=\"column\" data-e-type=\"column\">\n\t\t\t<div class=\"elementor-widget-wrap elementor-element-populated\">\n\t\t\t\t\t\t<div class=\"elementor-element elementor-element-da7b917 elementor-widget elementor-widget-passim_core_section_title\" data-id=\"da7b917\" data-element_type=\"widget\" data-e-type=\"widget\" data-widget_type=\"passim_core_section_title.default\">\n\t\t\t\t<div class=\"elementor-widget-container\">\n\t\t\t\t\t<div class=\"qodef-shortcode qodef-m  qodef-section-title qodef-alignment--center\">\n\t\t<h3 class=\"qodef-m-title\" >\n\t\t\t\t\tWrite to us by email\t\t\t<\/h3>\n\t\t<\/div>\n\t\t\t\t<\/div>\n\t\t\t\t<\/div>\n\t\t\t\t<div class=\"elementor-element elementor-element-4da3755 elementor-widget elementor-widget-spacer\" data-id=\"4da3755\" data-element_type=\"widget\" data-e-type=\"widget\" data-widget_type=\"spacer.default\">\n\t\t\t\t<div class=\"elementor-widget-container\">\n\t\t\t\t\t\t\t<div class=\"elementor-spacer\">\n\t\t\t<div class=\"elementor-spacer-inner\"><\/div>\n\t\t<\/div>\n\t\t\t\t\t\t<\/div>\n\t\t\t\t<\/div>\n\t\t\t\t<div class=\"elementor-element elementor-element-3e3c61d elementor-widget elementor-widget-wp-widget-passim_core_contact_form_7\" data-id=\"3e3c61d\" data-element_type=\"widget\" data-e-type=\"widget\" data-widget_type=\"wp-widget-passim_core_contact_form_7.default\">\n\t\t\t\t<div class=\"elementor-widget-container\">\n\t\t\t\t\t\t\t\t<div class=\"qodef-contact-form-7\">\n\t\t\t\t\n<div class=\"wpcf7 no-js\" id=\"wpcf7-f11540-o1\" lang=\"en-US\" dir=\"ltr\" data-wpcf7-id=\"11540\">\n<div class=\"screen-reader-response\"><p role=\"status\" aria-live=\"polite\" aria-atomic=\"true\"><\/p> <ul><\/ul><\/div>\n<form action=\"\/en\/wp-json\/wp\/v2\/pages\/4311#wpcf7-f11540-o1\" method=\"post\" class=\"wpcf7-form init\" aria-label=\"Contact form\" novalidate=\"novalidate\" data-status=\"init\" data-trp-original-action=\"\/en\/wp-json\/wp\/v2\/pages\/4311#wpcf7-f11540-o1\">\n<fieldset class=\"hidden-fields-container\"><input type=\"hidden\" name=\"_wpcf7\" value=\"11540\" \/><input type=\"hidden\" name=\"_wpcf7_version\" value=\"6.1.5\" \/><input type=\"hidden\" name=\"_wpcf7_locale\" value=\"en_US\" \/><input type=\"hidden\" name=\"_wpcf7_unit_tag\" value=\"wpcf7-f11540-o1\" \/><input type=\"hidden\" name=\"_wpcf7_container_post\" value=\"0\" \/><input type=\"hidden\" name=\"_wpcf7_posted_data_hash\" value=\"\" \/><input type=\"hidden\" name=\"_wpcf7_recaptcha_response\" value=\"\" \/>\n<\/fieldset>\n<div class=\"qodef-cf7-custom qodef-no-empty-space\">\n  \n  <div class=\"qodef-grid qodef-layout--columns qodef-col-num--2 qodef-responsive--predefined qodef-gutter--no\">\n\n        <div class=\"qodef-grid-inner\">\n            <div class=\"qodef-grid-item\"><span class=\"wpcf7-form-control-wrap\" data-name=\"first-name\"><input size=\"40\" maxlength=\"400\" class=\"wpcf7-form-control wpcf7-text wpcf7-validates-as-required\" aria-required=\"true\" aria-invalid=\"false\" placeholder=\"Name*\" value=\"\" type=\"text\" name=\"first-name\" \/><\/span><\/div>\n            <div class=\"qodef-indented-left qodef-grid-item\"><span class=\"wpcf7-form-control-wrap\" data-name=\"email-549\"><input size=\"40\" maxlength=\"400\" class=\"wpcf7-form-control wpcf7-email wpcf7-validates-as-required wpcf7-text wpcf7-validates-as-email\" aria-required=\"true\" aria-invalid=\"false\" placeholder=\"Email*\" value=\"\" type=\"email\" name=\"email-549\" \/><\/span><\/div> \n        <\/div>\n  <\/div>\n\n<div class=\"qodef-grid qodef-layout--columns qodef-col-num--2 qodef-responsive--predefined qodef-gutter--no\">\n\n        <div class=\"qodef-grid-inner\" style=\"margin-top: 20px;\">\n            <div class=\"qodef-grid-item\"><span class=\"wpcf7-form-control-wrap\" data-name=\"tel-803\"><input size=\"40\" maxlength=\"400\" class=\"wpcf7-form-control wpcf7-tel wpcf7-validates-as-required wpcf7-text wpcf7-validates-as-tel\" aria-required=\"true\" aria-invalid=\"false\" placeholder=\"Phone*\" value=\"\" type=\"tel\" name=\"tel-803\" \/><\/span><\/div>\n            <div class=\"qodef-indented-left qodef-grid-item\"><span class=\"wpcf7-form-control-wrap\" data-name=\"menu-244\"><select class=\"wpcf7-form-control wpcf7-select wpcf7-validates-as-required\" aria-required=\"true\" aria-invalid=\"false\" name=\"menu-244\"><option value=\"PR &amp; Marketing\">PR &amp; Marketing<\/option><option value=\"Management\">Management<\/option><option value=\"Cariere\">Careers<\/option><\/select><\/span><\/div> \n        <\/div>\n  <\/div>\n\n    <div class=\"qodef-indented-top\" style=\"margin-top: 20px;\"><span class=\"wpcf7-form-control-wrap\" data-name=\"your-message\"><textarea cols=\"20\" rows=\"4\" maxlength=\"2000\" class=\"wpcf7-form-control wpcf7-textarea\" aria-invalid=\"false\" placeholder=\"Message\" name=\"your-message\"><\/textarea><\/span><\/div>\n\n<div class=\"accept\"><span class=\"wpcf7-form-control-wrap\" data-name=\"acceptance-473\"><span class=\"wpcf7-form-control wpcf7-acceptance\"><span class=\"wpcf7-list-item\"><label><input type=\"checkbox\" name=\"acceptance-473\" value=\"1\" aria-invalid=\"false\" \/><span class=\"wpcf7-list-item-label\">I have read and agree to <a href=\"https:\/\/beautydistrict.ro\/en\/gdpr\/\">the Privacy Policy<\/a><\/span><\/label><\/span><\/span><\/span><\/div>\n\n    <div style=\"margin-top: 20px;\"><button name=\"submit\" type=\"submit\" class=\"qodef-button qodef-layout--outlined\" value=\"send\"><span class=\"qodef-m-text\">Send<\/span><\/button><\/div>\n\n<\/div><div class=\"wpcf7-response-output\" aria-hidden=\"true\"><\/div>\n<input type=\"hidden\" name=\"trp-form-language\" value=\"en\"\/><\/form>\n<\/div>\n\t\t\t<\/div>\n\t\t\t\t\t\t\t<\/div>\n\t\t\t\t<\/div>\n\t\t\t\t\t<\/div>\n\t\t<\/div>\n\t\t\t\t\t<\/div>\n\t\t<\/section>\n\t\t\t\t<\/div>","protected":false},"excerpt":{"rendered":"<p>Contact Nordului \u0218os. Nordului 82-92B, Sector 1, Bucure\u0219ti Luni &#8211; Vineri: 8:00 &#8211; 20:00\u00a0S\u00e2mb\u0103t\u0103: 9:00 &#8211; 18:00 T: 021 232 97 79M: +40 731 700 652 Stejarii Str. Jandarmeriei 14A, Sector 1, Bucure\u0219ti Luni &#8211; Vineri: 10:00 &#8211; 22:00\u00a0S\u00e2mb\u0103t\u0103 &#8211; Duminic\u0103: 10:00 &#8211; 21:00 M: +40 733 920 920 Scrie-ne pe email<\/p>","protected":false},"author":1,"featured_media":0,"parent":0,"menu_order":0,"comment_status":"closed","ping_status":"closed","template":"page-full-width.php","meta":{"slim_seo":{"title":"Contact - Beauty District","description":"Contact Nordului \u0218os. Nordului 82-92B, Sector 1, Bucure\u0219ti Luni - Vineri: 8:00 - 20:00\u00a0 S\u00e2mb\u0103t\u0103: 9:00 - 18:00 T: 021 232 97 79 M: +40 731 700 652 Stejarii Str."},"footnotes":""},"class_list":["post-4311","page","type-page","status-publish","hentry"],"_links":{"self":[{"href":"https:\/\/beautydistrict.ro\/en\/wp-json\/wp\/v2\/pages\/4311","targetHints":{"allow":["GET"]}}],"collection":[{"href":"https:\/\/beautydistrict.ro\/en\/wp-json\/wp\/v2\/pages"}],"about":[{"href":"https:\/\/beautydistrict.ro\/en\/wp-json\/wp\/v2\/types\/page"}],"author":[{"embeddable":true,"href":"https:\/\/beautydistrict.ro\/en\/wp-json\/wp\/v2\/users\/1"}],"replies":[{"embeddable":true,"href":"https:\/\/beautydistrict.ro\/en\/wp-json\/wp\/v2\/comments?post=4311"}],"version-history":[{"count":0,"href":"https:\/\/beautydistrict.ro\/en\/wp-json\/wp\/v2\/pages\/4311\/revisions"}],"wp:attachment":[{"href":"https:\/\/beautydistrict.ro\/en\/wp-json\/wp\/v2\/media?parent=4311"}],"curies":[{"name":"wp","href":"https:\/\/api.w.org\/{rel}","templated":true}]}}